{"id":64762,"date":"2024-04-06T10:42:11","date_gmt":"2024-04-06T10:42:11","guid":{"rendered":"https:\/\/www.specialitymedz.com\/product\/oflox-400-mg-ofloxacin\/"},"modified":"2026-02-20T12:08:13","modified_gmt":"2026-02-20T12:08:13","slug":"oflox-400-mg-ofloxacine","status":"publish","type":"product","link":"https:\/\/www.specialitymedz.com\/fr\/product\/oflox-400-mg-ofloxacine\/","title":{"rendered":"Oflox 400 mg (Ofloxacine)"},"content":{"rendered":"\n<p>Le m\u00e9dicament Oflox 400 Mg est id\u00e9al pour traiter les infections bact\u00e9riennes essentiellement provoqu\u00e9es par des microbes, bien que de telles infections dans diverses parties du corps puissent \u00eatre facilement \u00e9limin\u00e9es. Ce m\u00e9dicament antibact\u00e9rien peut gu\u00e9rir toutes les infections de l&#8217;oreille, du nez, de l&#8217;estomac, de la gorge, de la poitrine et d&#8217;autres parties du corps.<\/p>\n\n\n\n<h2 class=\"wp-block-heading\">Qu&#8217;est-ce qu&#8217;Oflox 400 Mg ?<\/h2>\n\n\n\n<p>Oflox 400 mg est le m\u00e9dicament antibact\u00e9rien le plus connu. Il est connu pour le traitement le plus rapide de diverses infections dans les parties du corps comme le syst\u00e8me urinaire, le syst\u00e8me respiratoire, les reins et la vessie, les organes g\u00e9nitaux, le nez, la peau, les oreilles et les tissus mous. Oflox 400 mg contient l&#8217;un des meilleurs ingr\u00e9dients actifs, notamment l&#8217;ofloxacine, qui rend tous vos syst\u00e8mes dans les parties du corps exceptionnellement clairs; avoir cette aide antibact\u00e9rienne sur ordonnance corrige toutes vos infections sp\u00e9cifiques dans, en g\u00e9n\u00e9ral, les parties du corps sans aucun probl\u00e8me.<\/p>\n\n\n\n<p>En cons\u00e9quence, la prise de ce comprim\u00e9 aide les individus \u00e0 vaincre les infections bact\u00e9riennes dans le corps; c&#8217;est la m\u00e9thode id\u00e9ale pour apporter des maladies totalement irr\u00e9sistibles. Si vous recherchez le traitement le plus r\u00e9pandu contre les <strong><a href=\"https:\/\/www.specialitymedz.com\/product-category\/bacterial-infections-medicine-manufacturer-in-india\/\">infections bact\u00e9riennes<\/a><\/strong>, ce m\u00e9dicament est formidable \u00e0 utiliser imm\u00e9diatement. Cependant, Cipla Limited est une industrie pharmaceutique de fabrication de premier plan qui aide \u00e0 fabriquer de tels m\u00e9dicaments antibact\u00e9riens avec le processus d&#8217;innovation le plus remarquable. Par cons\u00e9quent, pour vaincre toutes les infections, commencez \u00e0 utiliser ce m\u00e9dicament d\u00e8s aujourd&#8217;hui, comme le sugg\u00e8rent les experts en services m\u00e9dicaux.<\/p>\n\n\n\n<h2 class=\"wp-block-heading\">Acheter Oflox 400 Mg en ligne aux \u00c9tats-Unis<\/h2>\n\n\n\n<p>Enfin, vous souhaitez acheter Oflox 400 Mg en ligne aux \u00c9tats-Unis ? Notre site <strong><a href=\"https:\/\/www.specialitymedz.com\/fr\/\">Specialitymedz.com<\/a><\/strong> vous propose des m\u00e9dicaments antibact\u00e9riens d&#8217;excellente qualit\u00e9 avec des degr\u00e9s \u00e9lev\u00e9s de s\u00e9quence innovante ; l&#8217;achat d&#8217;une large gamme de m\u00e9dicaments est la meilleure m\u00e9thode pour garantir que les m\u00e9dicaments que vous recherchez seront accessibles efficacement et rapidement.<\/p>\n\n\n\n<p>Dans tous les cas, ce m\u00e9dicament est ouvert pour apporter la bonne solution pour acheter des m\u00e9dicaments aux tarifs les plus id\u00e9aux. L\u00e0 encore, vous pouvez retrouver toutes les ordonnances ici sur cette commande en ligne Oflox 400 Mg \u00e0 ce stade de la mani\u00e8re la plus rapide imaginable ; de plus, Specialitymedz propose actuellement de tels m\u00e9dicaments, alors venez \u00e0 cet endroit et obtenez efficacement tous vos m\u00e9dicaments accessibles. De m\u00eame, le prix d&#8217;Oflox 400 Mg est moins cher et disponible dans le budget ici.<\/p>\n\n\n\n<h2 class=\"wp-block-heading\">\u00c0 quoi sert Oflox 400 Mg ?<\/h2>\n\n\n\n<p>Ce m\u00e9dicament antibact\u00e9rien peut \u00e9liminer l&#8217;int\u00e9gralit\u00e9 de vos maladies caus\u00e9es par des micro-organismes. Quoi qu&#8217;il en soit, c&#8217;est la meilleure solution pour r\u00e9tablir votre sant\u00e9 en \u00e9liminant rapidement toutes les infections. Vous pouvez obtenir un rem\u00e8de contre les infections si vous ressentez les effets n\u00e9fastes de maladies dans diverses parties du corps, notamment les voies urinaires, la vessie et les reins. Avec ce cycle, les individus peuvent simplement obtenir la meilleure solution pour leur traitement contre les infections.<\/p>\n\n\n\n<h2 class=\"wp-block-heading\">Comment fonctionne Oflox 400 Mg ?<\/h2>\n\n\n\n<p>Oflox 400 Mg contient un ingr\u00e9dient actif appel\u00e9 Ofloxacine, qui aide \u00e0 gu\u00e9rir et \u00e0 arr\u00eater la croissance des infections bact\u00e9riennes. Cependant, il agit en exterminant les bact\u00e9ries caus\u00e9es par les infections. D&#8217;autre part, il emp\u00eache \u00e9galement la cr\u00e9ation de toutes les cellules bact\u00e9riennes et \u00e9limine ensuite rapidement les bact\u00e9ries. De cette fa\u00e7on, il retarde le d\u00e9veloppement de l&#8217;infection dans le corps car ce m\u00e9dicament est un antibiotique \u00e0 large spectre qui lutte contre les bact\u00e9ries \u00e0 Gram n\u00e9gatif.<\/p>\n\n\n\n<h2 class=\"wp-block-heading\">Dosages<\/h2>\n\n\n\n<p>La dose du m\u00e9dicament Oflox comprend 400 mg de m\u00e9dicaments antibact\u00e9riens qui doivent \u00eatre consomm\u00e9s chaque jour selon le plan l\u00e9gal et prescrit. Consommez-le une fois par jour pendant 24 heures en mangeant deux fois et avalez simplement ce m\u00e9dicament r\u00e9guli\u00e8rement.<\/p>\n\n\n\n<p><strong>Dose oubli\u00e9e :<\/strong><\/p>\n\n\n\n<p>N&#8217;essayez pas d&#8217;oublier les doses des m\u00e9dicaments antibact\u00e9riens, et elles ne doivent en aucun cas \u00eatre oubli\u00e9es.<\/p>\n\n\n\n<p><strong>Surdosage :<\/strong><\/p>\n\n\n\n<p>Les doses inutiles ou trop \u00e9lev\u00e9es doivent \u00eatre \u00e9vit\u00e9es. Cependant, ne prenez en aucun cas des doses suffisantes de m\u00e9dicaments antibact\u00e9riens.<\/p>\n\n\n\n<h2 class=\"wp-block-heading\">Avantages<\/h2>\n\n\n\n<p>L\u2019avantage du comprim\u00e9 Oflox 400 mg est qu\u2019il s\u2019agit d\u2019une solution puissante pour traiter toutes vos maladies li\u00e9es aux infections dans le corps.<\/p>\n\n\n\n<h2 class=\"wp-block-heading\">Effets secondaires<\/h2>\n\n\n\n<p>Les effets secondaires sont nombreux :<\/p>\n\n\n\n<p>\u2022 Troubles du sommeil<\/p>\n\n\n\n<p>\u2022 Maux de t\u00eate<\/p>\n\n\n\n<p>\u2022 Naus\u00e9es, vomissements, diarrh\u00e9e<\/p>\n\n\n\n<p>\u2022 D\u00e9mangeaisons<\/p>\n\n\n\n<p>\u2022 D\u00e9mangeaisons g\u00e9nitales externes (femmes)<\/p>\n\n\n\n<p>\u2022 Inflammation vaginale<\/p>\n\n\n\n<p>\u2022 Modifications du go\u00fbt<\/p>\n\n\n\n<p>\u2022 Maux d&#8217;estomac<\/p>\n\n\n\n<p>\u2022 Yeux irrit\u00e9s ou br\u00fblants<\/p>\n\n\n\n<p>\u2022 Sensations de vertige<\/p>\n\n\n\n<p>\u2022 Agitation, nervosit\u00e9<\/p>\n\n\n\n<p>\u2022 Toux, maux de nez ou de gorge<\/p>\n\n\n\n<p>\u2022 <a href=\"https:\/\/www.msdmanuals.com\/fr\/accueil\/infections\/infections-fongiques\/pr%C3%A9sentation-des-infections-fongiques\" target=\"_blank\" rel=\"noreferrer noopener\">Infection fongique<\/a><\/p>\n\n\n\n<p>\u2022 \u00c9ruption cutan\u00e9e ou d\u00e9mangeaisons<\/p>\n\n\n\n<p>\u2022 Perte d&#8217;app\u00e9tit<\/p>\n\n\n\n<p>\u2022 Rythme cardiaque rapide<\/p>\n\n\n\n<p>\u2022 Somnolence<\/p>\n\n\n\n<p>\u2022 Confusion, anxi\u00e9t\u00e9, cauchemars, voir, ressentir ou entendre des choses qui n&#8217;existent pas, maladie mentale<\/p>\n\n\n\n<p>\u2022 Modification ou perte de l&#8217;odorat<\/p>\n\n\n\n<p>\u2022 Transpiration excessive, bouff\u00e9es de chaleur<\/p>\n\n\n\n<p>\u2022 Modifications des tests de la fonction r\u00e9nale<\/p>\n\n\n\n<p>\u2022 Hypotension art\u00e9rielle (\u00e9tourdissements, vertiges)<\/p>\n\n\n\n<p>\u2022 Urticaire, \u00e9ruption cutan\u00e9e avec boutons<\/p>\n\n\n\n<h2 class=\"wp-block-heading\">Pr\u00e9cautions et avertissements<\/h2>\n\n\n\n<p>\u2022 Les personnes qui prennent des m\u00e9dicaments antibact\u00e9riens ne doivent pas en prendre d\u2019autres ; si elles prennent les m\u00e9dicaments associ\u00e9s, elles doivent demander conseil \u00e0 des sp\u00e9cialistes.<\/p>\n\n\n\n<p>\u2022 Si une personne prend ce m\u00e9dicament, elle doit toujours \u00e9viter de boire et de fumer simultan\u00e9ment.<\/p>\n\n\n\n<p>\u2022 L\u2019utilisation de ce m\u00e9dicament doit \u00eatre accept\u00e9e, \u00e0 condition qu\u2019il leur soit prescrit de le prendre.<\/p>\n\n\n\n<p>\u2022 Les machines fonctionnant apr\u00e8s l\u2019admission des m\u00e9dicaments ne doivent pas utiliser de m\u00e9dicaments antibact\u00e9riens.<\/p>\n\n\n\n<h2 class=\"wp-block-heading\">Stockage et \u00e9limination<\/h2>\n\n\n\n<p>Les personnes doivent toujours conserver les m\u00e9dicaments antibact\u00e9riens dans un endroit frais et sec. Lorsqu&#8217;elles placent les ordonnances, elles doivent \u00eatre conserv\u00e9es l\u00e0 o\u00f9 elles doivent \u00eatre conserv\u00e9es, en \u00e9vitant les rayons directs du soleil sur ce produit th\u00e9rapeutique. D&#8217;autre part, ces ordonnances doivent \u00eatre conserv\u00e9es l\u00e0 o\u00f9 elles doivent \u00eatre plac\u00e9es dans le coin droit des m\u00e9dicaments, o\u00f9 elles ne doivent en aucun cas \u00eatre congel\u00e9es.<\/p>\n\n\n\n<h2 class=\"wp-block-heading\">Interactions<\/h2>\n\n\n\n<p>Les diff\u00e9rentes interactions m\u00e9dicamenteuses comprennent&nbsp;:<\/p>\n\n\n\n<p>\u2022 Escitalopram<\/p>\n\n\n\n<p>\u2022 \u00c9thinylestradiol<\/p>\n\n\n\n<p>\u2022 Corticost\u00e9ro\u00efdes<\/p>\n\n\n\n<p>\u2022 Quinidine<\/p>\n\n\n\n<p>\u2022 <strong>Aspirine<\/strong><\/p>\n\n\n\n<h2 class=\"wp-block-heading\">Force<\/h2>\n\n\n\n<p>Il existe diff\u00e9rentes concentrations de ces m\u00e9dicaments antibact\u00e9riens&nbsp;:<\/p>\n\n\n\n<p>\u2022 Oflox<\/p>\n\n\n\n<p>\u2022 <strong><a href=\"https:\/\/www.specialitymedz.com\/product\/oflox-200-mg\/\">Oflox 200 mg<\/a><\/strong><\/p>\n\n\n\n<h2 class=\"wp-block-heading\">Conclusion<\/h2>\n\n\n\n<p>Les comprim\u00e9s d&#8217;Oflox 400 mg sont le moyen le plus efficace pour traiter toutes les infections caus\u00e9es par des organismes bact\u00e9riens. N\u00e9anmoins, ce m\u00e9dicament antibact\u00e9rien \u00e9largit les possibilit\u00e9s de traiter toutes les maladies bact\u00e9riennes de mani\u00e8re appropri\u00e9e dans toutes les parties du corps.<\/p>\n\n\n\n<h2 class=\"wp-block-heading\">Questions fr\u00e9quemment pos\u00e9es<\/h2>\n\n\n\n<h3 class=\"wp-block-heading\">Puis-je prendre de l&#8217;Ofloxacine 400 mg deux fois par jour ?<\/h3>\n\n\n\n<p>Cela d\u00e9pend de votre \u00e9tat de sant\u00e9 et, si n\u00e9cessaire, le m\u00e9decin vous dira de prendre de l&#8217;Ofloxacine 400 mg deux fois par jour ; sinon, une dose unique suffit.<\/p>\n\n\n\n<h3 class=\"wp-block-heading\">Combien de fois par jour dois-je utiliser l\u2019Ofloxacine ?<\/h3>\n\n\n\n<p>Il se peut que le m\u00e9dicament Ofloxacine soit prescrit une fois ou parfois deux fois.<\/p>\n\n\n\n<h3 class=\"wp-block-heading\">L\u2019ofloxacine peut-elle endommager les reins&nbsp;?<\/h3>\n\n\n\n<p>L\u2019ofloxacine ne provoque pas de maladies r\u00e9nales, car ce probl\u00e8me n\u2019est pas signal\u00e9 ici.<\/p>\n\n\n\n<h3 class=\"wp-block-heading\">Pouvez-vous prendre Oflox 400 Mg \u00e0 jeun ?<\/h3>\n\n\n\n<p>Oui, il est conseill\u00e9 de prendre Oflox 400 Mg \u00e0 jeun.<\/p>\n\n\n\n<h3 class=\"wp-block-heading\">Le comprim\u00e9 Oflox 400 mg peut-il \u00eatre pris avec des produits laitiers&nbsp;?<\/h3>\n\n\n\n<p>Les comprim\u00e9s d&#8217;Oflox 400 Mg avec des produits laitiers ne sont jamais autoris\u00e9s.<\/p>\n","protected":false},"excerpt":{"rendered":"<p>Le m\u00e9dicament Oflox 400 Mg est id\u00e9al pour traiter les infections bact\u00e9riennes essentiellement provoqu\u00e9es par des microbes, bien que de telles infections dans diverses parties du corps puissent \u00eatre facilement \u00e9limin\u00e9es. Ce m\u00e9dicament antibact\u00e9rien peut gu\u00e9rir toutes les infections de l&#8217;oreille, du nez, de l&#8217;estomac, de la gorge, de la poitrine et d&#8217;autres parties du [&hellip;]<\/p>\n","protected":false},"featured_media":57168,"template":"","meta":[],"product_form":[10756],"product_brand":[],"product_type":[2],"product_cat":[4249,4259],"product_tag":[],"class_list":{"0":"post-64762","1":"product","2":"type-product","3":"status-publish","4":"has-post-thumbnail","6":"product_form-tablette","7":"product_cat-fabricant-dantibiotiques-en-inde","8":"product_cat-medicaments-contre-les-infections-bacteriennes-fabricant-en-inde","10":"first","11":"instock","12":"shipping-taxable","13":"product-type-simple"},"_links":{"self":[{"href":"https:\/\/www.specialitymedz.com\/wp-json\/wp\/v2\/product\/64762","targetHints":{"allow":["GET"]}}],"collection":[{"href":"https:\/\/www.specialitymedz.com\/wp-json\/wp\/v2\/product"}],"about":[{"href":"https:\/\/www.specialitymedz.com\/wp-json\/wp\/v2\/types\/product"}],"wp:featuredmedia":[{"embeddable":true,"href":"https:\/\/www.specialitymedz.com\/wp-json\/wp\/v2\/media\/57168"}],"wp:attachment":[{"href":"https:\/\/www.specialitymedz.com\/wp-json\/wp\/v2\/media?parent=64762"}],"wp:term":[{"taxonomy":"product_form","embeddable":true,"href":"https:\/\/www.specialitymedz.com\/wp-json\/wp\/v2\/product_form?post=64762"},{"taxonomy":"product_brand","embeddable":true,"href":"https:\/\/www.specialitymedz.com\/wp-json\/wp\/v2\/product_brand?post=64762"},{"taxonomy":"product_type","embeddable":true,"href":"https:\/\/www.specialitymedz.com\/wp-json\/wp\/v2\/product_type?post=64762"},{"taxonomy":"product_cat","embeddable":true,"href":"https:\/\/www.specialitymedz.com\/wp-json\/wp\/v2\/product_cat?post=64762"},{"taxonomy":"product_tag","embeddable":true,"href":"https:\/\/www.specialitymedz.com\/wp-json\/wp\/v2\/product_tag?post=64762"}],"curies":[{"name":"wp","href":"https:\/\/api.w.org\/{rel}","templated":true}]}}